{"id":232,"date":"2019-11-21T13:35:44","date_gmt":"2019-11-21T12:35:44","guid":{"rendered":"https:\/\/well-deserved.events\/?page_id=232"},"modified":"2026-04-09T17:30:40","modified_gmt":"2026-04-09T15:30:40","slug":"impressum","status":"publish","type":"page","link":"https:\/\/well-deserved.events\/nl\/colofon\/","title":{"rendered":"Colofon"},"content":{"rendered":"<p><strong>WELL DESERVED SPAIN, S.L.<\/strong><br \/>\nCarrer del Falc\u00f3 20, Puerta 5<br \/>\n07819 Nuestra Se\u00f1ora de Jes\u00fas<br \/>\nIlles Balears<\/p>\n<h3>Vertegenwoordigd door:<\/h3>\n<p>Torben Meyer<\/p>\n<h3>Contact:<\/h3>\n<p>Telefoon: (+34) 675 262 933<br \/>\nE-mail: <a href=\"mailto:torben@well-deserved.events\">torben@well-deserved.events<\/a><\/p>\n<h3>Btw-identificatienummer:<\/h3>\n<p>Europees btw-identificatienummer: ES<b>B16662678<\/b><\/p>\n<h3>EU-beslechting van consumentengeschillen<\/h3>\n<p>De Europese Commissie biedt een platform voor online geschillenbeslechting (ODR): <a href=\"https:\/\/ec.europa.eu\/consumers\/odr\" target=\"_blank\" rel=\"noopener noreferrer\">https:\/\/ec.europa.eu\/consumers\/odr<\/a>.<br \/>\nOns e-mailadres vindt u hierboven in het colofon.<\/p>\n<p>Wij zijn niet bereid of verplicht om deel te nemen aan geschillenbeslechtingsprocedures voor een arbitragecommissie voor consumentenzaken.<\/p>","protected":false},"excerpt":{"rendered":"<p>WELL DESERVED SPAIN, S.L. Carrer del Falc\u00f3 20, Puerta 5 07819 Nuestra Se\u00f1ora de Jes\u00fas Illes Balears Vertegenwoordigd door: Torben Meyer Contact: Telefoon: (+34) 675 262 933 E-mail: torben@well-deserved.events Btw-identificatienummer: Europees btw-identificatienummer: ESB16662678 EU-beslechting van consumentengeschillen De Europese Commissie biedt een platform voor online geschillenbeslechting (ODR): https:\/\/ec.europa.eu\/consumers\/odr. Ons e-mailadres vindt u hierboven in het colofon. [&hellip;]<\/p>\n","protected":false},"author":1,"featured_media":0,"parent":0,"menu_order":0,"comment_status":"closed","ping_status":"closed","template":"","meta":{"_acf_changed":false,"footnotes":""},"class_list":["post-232","page","type-page","status-publish","hentry"],"acf":[],"_links":{"self":[{"href":"https:\/\/well-deserved.events\/nl\/wp-json\/wp\/v2\/pages\/232","targetHints":{"allow":["GET"]}}],"collection":[{"href":"https:\/\/well-deserved.events\/nl\/wp-json\/wp\/v2\/pages"}],"about":[{"href":"https:\/\/well-deserved.events\/nl\/wp-json\/wp\/v2\/types\/page"}],"author":[{"embeddable":true,"href":"https:\/\/well-deserved.events\/nl\/wp-json\/wp\/v2\/users\/1"}],"replies":[{"embeddable":true,"href":"https:\/\/well-deserved.events\/nl\/wp-json\/wp\/v2\/comments?post=232"}],"version-history":[{"count":3,"href":"https:\/\/well-deserved.events\/nl\/wp-json\/wp\/v2\/pages\/232\/revisions"}],"predecessor-version":[{"id":2681,"href":"https:\/\/well-deserved.events\/nl\/wp-json\/wp\/v2\/pages\/232\/revisions\/2681"}],"wp:attachment":[{"href":"https:\/\/well-deserved.events\/nl\/wp-json\/wp\/v2\/media?parent=232"}],"curies":[{"name":"wp","href":"https:\/\/api.w.org\/{rel}","templated":true}]}}