{"id":3,"date":"2019-11-13T11:03:00","date_gmt":"2019-11-13T10:03:00","guid":{"rendered":"https:\/\/well-deserved.events\/?page_id=3"},"modified":"2026-04-09T17:34:15","modified_gmt":"2026-04-09T15:34:15","slug":"datenschutzerklaerung","status":"publish","type":"page","link":"https:\/\/well-deserved.events\/es\/politica-de-privacidad\/","title":{"rendered":"Pol\u00edtica de Privacidad"},"content":{"rendered":"<h2>1. Una visi\u00f3n general de la protecci\u00f3n de datos<\/h2>\r\n<h3>Informaci\u00f3n general<\/h3>\r\n<p>La siguiente informaci\u00f3n le proporcionar\u00e1 una visi\u00f3n general f\u00e1cil de navegar sobre lo que ocurrir\u00e1 con sus datos personales cuando visite nuestro sitio web. El t\u00e9rmino \u00abdatos personales\u00bb comprende todos los datos que pueden utilizarse para identificarle personalmente. Para obtener informaci\u00f3n detallada sobre el tema de la protecci\u00f3n de datos, consulte nuestra Declaraci\u00f3n de Protecci\u00f3n de Datos, que hemos incluido debajo de este texto.<\/p>\r\n\r\n<h3>Registro de datos en nuestro sitio web<\/h3>\r\n<p><strong>\u00bfQui\u00e9n es el responsable del registro de datos en este sitio web (es decir, el \u00abresponsable del tratamiento\u00bb)?<\/strong><\/p>\r\n<p>Los datos de este sitio web son procesados por el operador del sitio web, cuya informaci\u00f3n de contacto est\u00e1 disponible en la secci\u00f3n \u00abAviso Legal\u00bb de este sitio web.<\/p>\r\n\r\n<p><strong>\u00bfC\u00f3mo registramos sus datos?<\/strong><\/p>\r\n<p>Recogemos sus datos como resultado de que usted los comparta con nosotros. Esto puede ser, por ejemplo, la informaci\u00f3n que introduce en nuestro formulario de contacto.<\/p>\r\n<p>Nuestros sistemas inform\u00e1ticos registran autom\u00e1ticamente otros datos cuando usted visita nuestro sitio web. Estos datos comprenden principalmente informaci\u00f3n t\u00e9cnica (por ejemplo, el navegador web, el sistema operativo o la hora de acceso al sitio). Esta informaci\u00f3n se registra autom\u00e1ticamente al acceder a nuestro sitio web.<\/p>\r\n\r\n<p><strong>\u00bfPara qu\u00e9 fines utilizamos sus datos?<\/strong><\/p>\r\n<p>Una parte de la informaci\u00f3n se genera para garantizar la prestaci\u00f3n sin errores del sitio web. Otros datos pueden utilizarse para analizar sus patrones de usuario.<\/p>\r\n\r\n<p><strong>\u00bfQu\u00e9 derechos tiene usted en relaci\u00f3n con su informaci\u00f3n?<\/strong><\/p>\r\n<p>Usted tiene derecho a recibir en cualquier momento informaci\u00f3n sobre el origen, los destinatarios y los fines de sus datos personales archivados, sin tener que pagar ninguna tasa por tales revelaciones. Tambi\u00e9n tiene derecho a exigir que sus datos sean rectificados, bloqueados o eliminados. No dude en ponerse en contacto con nosotros en cualquier momento en la direcci\u00f3n indicada en la secci\u00f3n \u00abAviso Legal\u00bb de este sitio web si tiene preguntas sobre este o cualquier otro asunto relacionado con la protecci\u00f3n de datos. Tambi\u00e9n tiene derecho a presentar una reclamaci\u00f3n ante la agencia de supervisi\u00f3n competente.<\/p>\r\n<p>Adem\u00e1s, en determinadas circunstancias, tiene derecho a exigir la limitaci\u00f3n del tratamiento de sus datos personales. Para m\u00e1s detalles, consulte la Declaraci\u00f3n de Protecci\u00f3n de Datos en la secci\u00f3n \u00abDerecho a la limitaci\u00f3n del tratamiento de datos\u00bb.<\/p>\r\n\r\n<h3>Herramientas de an\u00e1lisis y herramientas proporcionadas por terceros<\/h3>\r\n<p>Existe la posibilidad de que sus patrones de navegaci\u00f3n sean analizados estad\u00edsticamente cuando visite nuestro sitio web. Dichos an\u00e1lisis se realizan principalmente con cookies y con lo que denominamos programas de an\u00e1lisis. Por regla general, los an\u00e1lisis de sus patrones de navegaci\u00f3n se realizan de forma an\u00f3nima; es decir, los patrones de navegaci\u00f3n no pueden rastrearse hasta usted. Usted tiene la opci\u00f3n de oponerse a tales an\u00e1lisis o puede impedir su realizaci\u00f3n no utilizando determinadas herramientas. Para obtener informaci\u00f3n detallada al respecto, consulte nuestra Declaraci\u00f3n de Protecci\u00f3n de Datos a continuaci\u00f3n.<\/p>\r\n\r\n<h2>2. Informaci\u00f3n general e informaci\u00f3n obligatoria<\/h2>\r\n<h3>Protecci\u00f3n de datos<\/h3>\r\n<p>Los operadores de este sitio web y sus p\u00e1ginas se toman muy en serio la protecci\u00f3n de sus datos personales. Por ello, tratamos sus datos personales como informaci\u00f3n confidencial y de conformidad con las disposiciones legales de protecci\u00f3n de datos y con esta Declaraci\u00f3n de Protecci\u00f3n de Datos.<\/p>\r\n<p>Cada vez que utilice este sitio web, se recoger\u00e1n diversos datos personales. Los datos personales son aquellos que pueden utilizarse para identificarle personalmente. Esta Declaraci\u00f3n de Protecci\u00f3n de Datos explica qu\u00e9 datos recogemos, as\u00ed como los fines para los que los utilizamos. Tambi\u00e9n explica c\u00f3mo y con qu\u00e9 fin se recoge la informaci\u00f3n.<\/p>\r\n<p>Le advertimos de que la transmisi\u00f3n de datos a trav\u00e9s de Internet (por ejemplo, mediante comunicaciones por correo electr\u00f3nico) puede presentar lagunas de seguridad. No es posible proteger completamente los datos contra el acceso de terceros.<\/p>\r\n\r\n<h3>Informaci\u00f3n sobre la parte responsable (denominada \u00abresponsable del tratamiento\u00bb en el RGPD)<\/h3>\r\n<p>El responsable del tratamiento de los datos en este sitio web es:<\/p>\r\n<p>WELL DESERVED SPAIN, S.L.<br \/>Carrer del Falc\u00f3 20, Puerta 5<br \/>07819 Nuestra Se\u00f1ora de Jes\u00fas<br \/>Illes Balears<br \/>Tel\u00e9fono: (+34) 675 262 933<br \/>Email: torben@well-deserved.events<\/p>\r\n<p>El responsable del tratamiento es la persona f\u00edsica o jur\u00eddica que, por s\u00ed sola o conjuntamente con otros, toma decisiones sobre los fines y los medios del tratamiento de datos personales (por ejemplo, nombres, direcciones de correo electr\u00f3nico, etc.).<\/p>\r\n\r\n<h3>Revocaci\u00f3n de su consentimiento para el tratamiento de datos<\/h3>\r\n<p>Muchos procesos de tratamiento de datos s\u00f3lo son posibles con su consentimiento expreso. Usted puede revocar en cualquier momento cualquier consentimiento que ya nos haya dado. Para ello, basta con que nos env\u00ede una notificaci\u00f3n informal por correo electr\u00f3nico. Esto se entender\u00e1 sin perjuicio de la licitud de cualquier recogida de datos que haya tenido lugar antes de su revocaci\u00f3n.<\/p>\r\n\r\n<h3>Derecho de oposici\u00f3n a la recogida de datos en casos especiales; derecho de oposici\u00f3n a la publicidad directa (Art. 21 RGPD)<\/h3>\r\n<p>En caso de que los datos se traten sobre la base del Art. 6 Secc. 1 lit. e o f del RGPD, usted tiene derecho a oponerse en cualquier momento al tratamiento de sus datos personales por motivos derivados de su situaci\u00f3n \u00fanica. Esto tambi\u00e9n se aplica a cualquier elaboraci\u00f3n de perfiles basada en estas disposiciones. Para determinar la base jur\u00eddica en la que se basa cualquier tratamiento de datos, consulte esta Declaraci\u00f3n de Protecci\u00f3n de Datos. Si presenta una objeci\u00f3n, dejaremos de tratar sus datos personales afectados, a menos que estemos en condiciones de presentar motivos de protecci\u00f3n imperiosos para el tratamiento de sus datos que prevalezcan sobre sus intereses, derechos y libertades o si el fin del tratamiento es la reclamaci\u00f3n, el ejercicio o la defensa de derechos legales (objeci\u00f3n en virtud del Art. 21 Secc. 1 del RGPD).<\/p>\r\n<p>Si sus datos personales se tratan con el fin de realizar publicidad directa, usted tiene derecho a oponerse en cualquier momento al tratamiento de sus datos personales afectados para los fines de dicha publicidad. Esto tambi\u00e9n se aplica a la elaboraci\u00f3n de perfiles en la medida en que est\u00e9 afiliada a dicha publicidad directa. Si se opone, sus datos personales dejar\u00e1n de utilizarse posteriormente para fines de publicidad directa (objeci\u00f3n en virtud del Art. 21 Secc. 2 del RGPD).<\/p>\r\n\r\n<h3>Derecho a presentar una reclamaci\u00f3n ante la autoridad de control competente<\/h3>\r\n<p>En caso de infracci\u00f3n del RGPD, los interesados tienen derecho a presentar una reclamaci\u00f3n ante una autoridad de control, en particular en el Estado miembro donde mantengan habitualmente su domicilio, lugar de trabajo o en el lugar donde se haya producido la supuesta infracci\u00f3n. El derecho a presentar una reclamaci\u00f3n est\u00e1 en vigor independientemente de cualquier otro procedimiento administrativo o judicial disponible como recurso legal.<\/p>\r\n\r\n<h3>Derecho a la portabilidad de los datos<\/h3>\r\n<p>Usted tiene derecho a exigir que le entreguemos a usted o a un tercero, en un formato de lectura mec\u00e1nica de uso com\u00fan, cualquier dato que procesemos autom\u00e1ticamente sobre la base de su consentimiento o para el cumplimiento de un contrato. Si exige la transferencia directa de los datos a otro responsable del tratamiento, esto s\u00f3lo se har\u00e1 si es t\u00e9cnicamente factible.<\/p>\r\n\r\n<h3>Cifrado SSL y\/o TLS<\/h3>\r\n<p>Por razones de seguridad y para proteger la transmisi\u00f3n de contenidos confidenciales, como los pedidos o las consultas que nos env\u00eda como operador del sitio web, este sitio utiliza un programa de cifrado SSL o TLS. Puede reconocer una conexi\u00f3n cifrada comprobando si la l\u00ednea de direcci\u00f3n del navegador cambia de \u00abhttp:\/\/\u00bb a \u00abhttps:\/\/\u00bb y tambi\u00e9n por la aparici\u00f3n del icono del candado en la l\u00ednea del navegador.<\/p>\r\n<p>Si el cifrado SSL o TLS est\u00e1 activado, los datos que nos transmita no podr\u00e1n ser le\u00eddos por terceros.<\/p>\r\n\r\n<h3>Informaci\u00f3n, bloqueo, rectificaci\u00f3n y eliminaci\u00f3n de datos<\/h3>\r\n<p>Dentro del \u00e1mbito de las disposiciones legales aplicables, usted tiene derecho a exigir en cualquier momento informaci\u00f3n sobre sus datos personales archivados, su origen y destinatarios, as\u00ed como la finalidad del tratamiento de sus datos. Tambi\u00e9n puede tener derecho a que sus datos sean rectificados, bloqueados o eliminados. Si tiene preguntas sobre este tema o cualquier otra cuesti\u00f3n sobre datos personales, no dude en ponerse en contacto con nosotros en cualquier momento en la direcci\u00f3n facilitada en la secci\u00f3n \u00abAviso Legal\u00bb.<\/p>\r\n\r\n<h3>Derecho a exigir la limitaci\u00f3n del tratamiento<\/h3>\r\n<p>Usted tiene derecho a exigir la imposici\u00f3n de restricciones en lo que respecta al tratamiento de sus datos personales. Para ello, puede ponerse en contacto con nosotros en cualquier momento en la direcci\u00f3n facilitada en la secci\u00f3n \u00abAviso Legal\u00bb. El derecho a exigir la limitaci\u00f3n del tratamiento se aplica en los siguientes casos:<\/p>\r\n<ul>\r\n<li>En caso de que usted impugne la exactitud de sus datos archivados por nosotros, normalmente necesitaremos alg\u00fan tiempo para verificar esta reclamaci\u00f3n. Durante el tiempo que dure esta investigaci\u00f3n, usted tiene derecho a exigir que limitemos el tratamiento de sus datos personales.<\/li>\r\n<li>Si el tratamiento de sus datos personales se realiz\u00f3\/realiza de forma il\u00edcita, tiene la opci\u00f3n de exigir la limitaci\u00f3n del tratamiento de sus datos en lugar de exigir la eliminaci\u00f3n de los mismos.<\/li>\r\n<li>Si ya no necesitamos sus datos personales y usted los necesita para ejercer, defender o reclamar derechos legales, tiene derecho a exigir la limitaci\u00f3n del tratamiento de sus datos personales en lugar de su eliminaci\u00f3n.<\/li>\r\n<li>Si ha presentado una objeci\u00f3n en virtud del Art. 21 Secc. 1 del RGPD, sus derechos y nuestros derechos deber\u00e1n sopesarse entre s\u00ed. Mientras no se haya determinado qu\u00e9 intereses prevalecen, tiene derecho a exigir una limitaci\u00f3n del tratamiento de sus datos personales.<\/li>\r\n<\/ul>\r\n\r\n<h2>3. Registro de datos en nuestro sitio web<\/h2>\r\n<h3>Cookies<\/h3>\r\n<p>En algunos casos, nuestro sitio web y sus p\u00e1ginas utilizan las llamadas cookies. Las cookies no causan ning\u00fan da\u00f1o a su ordenador y no contienen virus. El prop\u00f3sito de las cookies es hacer que nuestro sitio web sea m\u00e1s f\u00e1cil de usar, eficaz y seguro. Las cookies son peque\u00f1os archivos de texto que se colocan en su ordenador y que almacena su navegador.<\/p>\r\n<p>La mayor\u00eda de las cookies que utilizamos son las llamadas \u00abcookies de sesi\u00f3n\u00bb. Se borran autom\u00e1ticamente despu\u00e9s de que usted abandone nuestro sitio. Otras cookies permanecer\u00e1n archivadas en su dispositivo hasta que las elimine. Estas cookies nos permiten reconocer su navegador la pr\u00f3xima vez que visite nuestro sitio web.<\/p>\r\n<p>Puede ajustar la configuraci\u00f3n de su navegador para asegurarse de que se le notifique cada vez que se colocan cookies y para permitirle aceptar cookies s\u00f3lo en casos espec\u00edficos o para excluir la aceptaci\u00f3n de cookies para situaciones espec\u00edficas o en general y para activar el borrado autom\u00e1tico de cookies al cerrar su navegador. Si desactiva las cookies, las funciones de este sitio web pueden verse limitadas.<\/p>\r\n<p>Las cookies que son necesarias para la realizaci\u00f3n de la transacci\u00f3n de comunicaciones electr\u00f3nicas o para proporcionar ciertas funciones que usted desea utilizar (por ejemplo, la funci\u00f3n de carrito de la compra), se almacenan sobre la base del Art. 6 Secc. 1 lit. f del RGPD. El operador del sitio web tiene un inter\u00e9s leg\u00edtimo en almacenar cookies para garantizar la prestaci\u00f3n t\u00e9cnicamente libre de errores y optimizada de sus servicios.<\/p>\r\n\r\n<h3>Archivos de registro del servidor<\/h3>\r\n<p>El proveedor de este sitio web y de sus p\u00e1ginas recoge y almacena autom\u00e1ticamente informaci\u00f3n en los llamados archivos de registro del servidor, que su navegador nos comunica autom\u00e1ticamente. La informaci\u00f3n comprende:<\/p>\r\n<ul>\r\n<li>El tipo y la versi\u00f3n del navegador utilizado<\/li>\r\n<li>El sistema operativo utilizado<\/li>\r\n<li>URL de referencia<\/li>\r\n<li>El nombre de host del ordenador que accede<\/li>\r\n<li>La hora de la consulta al servidor<\/li>\r\n<li>La direcci\u00f3n IP<\/li>\r\n<\/ul>\r\n<p>Estos datos no se combinan con otras fuentes de datos.<\/p>\r\n\r\n<h3>Formulario de contacto<\/h3>\r\n<p>Si nos env\u00eda consultas a trav\u00e9s de nuestro formulario de contacto, la informaci\u00f3n facilitada en el formulario de contacto, as\u00ed como cualquier informaci\u00f3n de contacto facilitada en el mismo, ser\u00e1 almacenada por nosotros con el fin de gestionar su consulta y en caso de que tengamos m\u00e1s preguntas. No compartiremos esta informaci\u00f3n sin su consentimiento.<\/p>\r\n<p>Por lo tanto, el tratamiento de los datos introducidos en el formulario de contacto se produce exclusivamente sobre la base de su consentimiento (Art. 6 Secc. 1 lit. a del RGPD). Usted tiene derecho a revocar en cualquier momento cualquier consentimiento que ya nos haya dado.<\/p>\r\n\r\n<h2>4. Herramientas de an\u00e1lisis y publicidad<\/h2>\r\n<h3>Google Analytics<\/h3>\r\n<p>Este sitio web utiliza funciones del servicio de an\u00e1lisis web Google Analytics. El proveedor de este servicio es Google Inc., 1600 Amphitheatre Parkway, Mountain View, CA 94043, EE.UU.<\/p>\r\n<p>Google Analytics utiliza las llamadas cookies. La informaci\u00f3n generada por las cookies sobre su uso de este sitio web se transfiere normalmente a un servidor de Google en los Estados Unidos, donde se almacena.<\/p>\r\n<p>El almacenamiento de las cookies de Google Analytics y la utilizaci\u00f3n de esta herramienta de an\u00e1lisis se basan en el Art. 6 Secc. 1 lit. f del RGPD. El operador de este sitio web tiene un inter\u00e9s leg\u00edtimo en el an\u00e1lisis de los patrones de usuario para optimizar tanto los servicios ofrecidos en l\u00ednea como las actividades publicitarias del operador.<\/p>\r\n\r\n<p><strong>Anonimizaci\u00f3n de la IP<\/strong><\/p>\r\n<p>En este sitio web hemos activado la funci\u00f3n de anonimizaci\u00f3n de la IP. Como resultado, su direcci\u00f3n IP ser\u00e1 abreviada por Google dentro de los estados miembros de la Uni\u00f3n Europea o en otros estados que hayan ratificado la Convenci\u00f3n sobre el Espacio Econ\u00f3mico Europeo antes de su transmisi\u00f3n a los Estados Unidos.<\/p>\r\n\r\n<h2>5. Plug-ins y herramientas<\/h2>\r\n<h3>YouTube con integraci\u00f3n ampliada de protecci\u00f3n de datos<\/h3>\r\n<p>Nuestro sitio web utiliza plug-ins de la plataforma YouTube, que est\u00e1 siendo operada por YouTube, LLC, 901 Cherry Ave., San Bruno, CA 94066, EE.UU.<\/p>\r\n<p>Utilizamos YouTube en el modo de protecci\u00f3n de datos ampliado. Seg\u00fan YouTube, este modo garantiza que YouTube no almacene ninguna informaci\u00f3n sobre los visitantes de este sitio web antes de que vean el v\u00eddeo. No obstante, esto no significa necesariamente que pueda descartarse el intercambio de datos con los socios de YouTube como resultado del modo de protecci\u00f3n de datos ampliado. Por ejemplo, independientemente de si usted est\u00e1 viendo un v\u00eddeo, YouTube siempre establecer\u00e1 una conexi\u00f3n con la red DoubleClick de Google.<\/p>\r\n\r\n<h3>Google Web Fonts<\/h3>\r\n<p>Para garantizar que las fuentes utilizadas en este sitio web sean uniformes, este sitio utiliza las denominadas Web Fonts suministradas por Google. Al acceder a una p\u00e1gina de nuestro sitio web, su navegador cargar\u00e1 las fuentes web necesarias en la cach\u00e9 de su navegador para mostrar correctamente el texto y las fuentes.<\/p>\r\n<p>Para ello, el navegador que utilice tendr\u00e1 que establecer una conexi\u00f3n con los servidores de Google. Como resultado, Google sabr\u00e1 que su direcci\u00f3n IP se utiliz\u00f3 para acceder a nuestro sitio web. El uso de Google Web Fonts se basa en nuestro inter\u00e9s por presentar nuestros contenidos en l\u00ednea de forma uniforme y atractiva. Seg\u00fan el Art. 6 Secc. 1 lit. f del RGPD, se trata de un inter\u00e9s leg\u00edtimo.<\/p>","protected":false},"excerpt":{"rendered":"<p>1. Una visi\u00f3n general de la protecci\u00f3n de datos Informaci\u00f3n general La siguiente informaci\u00f3n le proporcionar\u00e1 una visi\u00f3n general f\u00e1cil de navegar sobre lo que ocurrir\u00e1 con sus datos personales cuando visite nuestro sitio web. El t\u00e9rmino \u00abdatos personales\u00bb comprende todos los datos que pueden utilizarse para identificarle personalmente. Para obtener informaci\u00f3n detallada sobre el [&hellip;]<\/p>\n","protected":false},"author":1,"featured_media":0,"parent":0,"menu_order":0,"comment_status":"closed","ping_status":"open","template":"","meta":{"_acf_changed":false,"footnotes":""},"class_list":["post-3","page","type-page","status-publish","hentry"],"acf":[],"_links":{"self":[{"href":"https:\/\/well-deserved.events\/es\/wp-json\/wp\/v2\/pages\/3","targetHints":{"allow":["GET"]}}],"collection":[{"href":"https:\/\/well-deserved.events\/es\/wp-json\/wp\/v2\/pages"}],"about":[{"href":"https:\/\/well-deserved.events\/es\/wp-json\/wp\/v2\/types\/page"}],"author":[{"embeddable":true,"href":"https:\/\/well-deserved.events\/es\/wp-json\/wp\/v2\/users\/1"}],"replies":[{"embeddable":true,"href":"https:\/\/well-deserved.events\/es\/wp-json\/wp\/v2\/comments?post=3"}],"version-history":[{"count":3,"href":"https:\/\/well-deserved.events\/es\/wp-json\/wp\/v2\/pages\/3\/revisions"}],"predecessor-version":[{"id":2683,"href":"https:\/\/well-deserved.events\/es\/wp-json\/wp\/v2\/pages\/3\/revisions\/2683"}],"wp:attachment":[{"href":"https:\/\/well-deserved.events\/es\/wp-json\/wp\/v2\/media?parent=3"}],"curies":[{"name":"wp","href":"https:\/\/api.w.org\/{rel}","templated":true}]}}