{"id":232,"date":"2019-11-21T13:35:44","date_gmt":"2019-11-21T12:35:44","guid":{"rendered":"https:\/\/well-deserved.events\/?page_id=232"},"modified":"2026-04-09T17:30:40","modified_gmt":"2026-04-09T15:30:40","slug":"impressum","status":"publish","type":"page","link":"https:\/\/well-deserved.events\/es\/aviso-legal\/","title":{"rendered":"Aviso Legal"},"content":{"rendered":"<p><\/p>\n<p>\n        <strong>WELL DESERVED SPAIN, S.L.<\/strong><br \/>\n        Carrer del Falc\u00f3 20, Puerta 5<br \/>\n        07819 Nuestra Se\u00f1ora de Jes\u00fas<br \/>\n        Illes Balears\n    <\/p>\n<h3>Representado por:<\/h3>\n<p>Torben Meyer<\/p>\n<h3>Contacto:<\/h3>\n<p>\n        Tel\u00e9fono: (+34) 675 262 933<br \/>\n        Email: <a href=\"mailto:torben@well-deserved.events\">torben@well-deserved.events<\/a>\n    <\/p>\n<h3>N\u00famero de identificaci\u00f3n fiscal:<\/h3>\n<p>NIF intracomunitario (VAT): ES<b>B16662678<\/b><\/p>\n<h3>Resoluci\u00f3n de litigios de la UE<\/h3>\n<p>La Comisi\u00f3n Europea ofrece una plataforma para la resoluci\u00f3n de litigios en l\u00ednea (ODR): <a href=\"https:\/\/ec.europa.eu\/consumers\/odr\" target=\"_blank\" rel=\"noopener noreferrer\">https:\/\/ec.europa.eu\/consumers\/odr<\/a>.<br \/>\n    Puede encontrar nuestra direcci\u00f3n de correo electr\u00f3nico en la parte superior de este aviso legal.<\/p>\n<p>No estamos dispuestos ni obligados a participar en procedimientos de resoluci\u00f3n de litigios ante una junta de arbitraje de consumo.<\/p>\n<p><\/p>","protected":false},"excerpt":{"rendered":"<p>WELL DESERVED SPAIN, S.L. Carrer del Falc\u00f3 20, Puerta 5 07819 Nuestra Se\u00f1ora de Jes\u00fas Illes Balears Representado por: Torben Meyer Contacto: Tel\u00e9fono: (+34) 675 262 933 Email: torben@well-deserved.events N\u00famero de identificaci\u00f3n fiscal: NIF intracomunitario (VAT): ESB16662678 Resoluci\u00f3n de litigios de la UE La Comisi\u00f3n Europea ofrece una plataforma para la resoluci\u00f3n de litigios en [&hellip;]<\/p>\n","protected":false},"author":1,"featured_media":0,"parent":0,"menu_order":0,"comment_status":"closed","ping_status":"closed","template":"","meta":{"_acf_changed":false,"footnotes":""},"class_list":["post-232","page","type-page","status-publish","hentry"],"acf":[],"_links":{"self":[{"href":"https:\/\/well-deserved.events\/es\/wp-json\/wp\/v2\/pages\/232","targetHints":{"allow":["GET"]}}],"collection":[{"href":"https:\/\/well-deserved.events\/es\/wp-json\/wp\/v2\/pages"}],"about":[{"href":"https:\/\/well-deserved.events\/es\/wp-json\/wp\/v2\/types\/page"}],"author":[{"embeddable":true,"href":"https:\/\/well-deserved.events\/es\/wp-json\/wp\/v2\/users\/1"}],"replies":[{"embeddable":true,"href":"https:\/\/well-deserved.events\/es\/wp-json\/wp\/v2\/comments?post=232"}],"version-history":[{"count":3,"href":"https:\/\/well-deserved.events\/es\/wp-json\/wp\/v2\/pages\/232\/revisions"}],"predecessor-version":[{"id":2681,"href":"https:\/\/well-deserved.events\/es\/wp-json\/wp\/v2\/pages\/232\/revisions\/2681"}],"wp:attachment":[{"href":"https:\/\/well-deserved.events\/es\/wp-json\/wp\/v2\/media?parent=232"}],"curies":[{"name":"wp","href":"https:\/\/api.w.org\/{rel}","templated":true}]}}