{"id":232,"date":"2019-11-21T13:35:44","date_gmt":"2019-11-21T12:35:44","guid":{"rendered":"https:\/\/well-deserved.events\/?page_id=232"},"modified":"2026-04-09T17:30:40","modified_gmt":"2026-04-09T15:30:40","slug":"impressum","status":"publish","type":"page","link":"https:\/\/well-deserved.events\/de\/impressum\/","title":{"rendered":"Impressum"},"content":{"rendered":"<p><\/p>\n<h3>Angaben gem\u00e4\u00df \u00a7 5 TMG:<\/h3>\n<p>WELL DESERVED SPAIN, S.L.<br \/>\nCarrer del Falc\u00f3 20, Puerta 5<br \/>\n07819 Nuestra Se\u00f1ora de Jes\u00fas<br \/>\nIlles Balears<\/p>\n<h3>Vertreten durch:<\/h3>\n<p>Gesch\u00e4ftsf\u00fchrer: Torben Meyer<\/p>\n<h3>Kontakt:<\/h3>\n<p>Telefon: (+34) 675 262 933<br \/>\nE-Mail: torben@well-deserved.events<\/p>\n<h3>Umsatzsteuer:<\/h3>\n<p>Umsatzsteuer-Identifikationsnummer gem\u00e4\u00df \u00a727 a Umsatzsteuergesetz: ESB16662678<\/p>\n<h3>Verantwortlich f\u00fcr den Inhalt nach \u00a7 55 Abs. 2 RStV:<\/h3>\n<p>Torben Meyer<br \/>\nWELL DESERVED SPAIN, S.L.<br \/>\nCarrer del Falc\u00f3 20, Puerta 5<br \/>\n07819 Nuestra Se\u00f1ora de Jes\u00fas<br \/>\nIlles Balears<\/p>\n<h3>Streitschlichtung<\/h3>\n<p>Wir sind nicht bereit oder verpflichtet, an Streitbeilegungsverfahren vor einer Verbraucherschlichtungsstelle teilzunehmen.<\/p>","protected":false},"excerpt":{"rendered":"<p>Angaben gem\u00e4\u00df \u00a7 5 TMG: WELL DESERVED SPAIN, S.L. Carrer del Falc\u00f3 20, Puerta 5 07819 Nuestra Se\u00f1ora de Jes\u00fas Illes Balears Vertreten durch: Gesch\u00e4ftsf\u00fchrer: Torben Meyer Kontakt: Telefon: (+34) 675 262 933 E-Mail: torben@well-deserved.events Umsatzsteuer: Umsatzsteuer-Identifikationsnummer gem\u00e4\u00df \u00a727 a Umsatzsteuergesetz: ESB16662678 Verantwortlich f\u00fcr den Inhalt nach \u00a7 55 Abs. 2 RStV: Torben Meyer WELL [&hellip;]<\/p>\n","protected":false},"author":1,"featured_media":0,"parent":0,"menu_order":0,"comment_status":"closed","ping_status":"closed","template":"","meta":{"_acf_changed":false,"footnotes":""},"class_list":["post-232","page","type-page","status-publish","hentry"],"acf":[],"_links":{"self":[{"href":"https:\/\/well-deserved.events\/de\/wp-json\/wp\/v2\/pages\/232","targetHints":{"allow":["GET"]}}],"collection":[{"href":"https:\/\/well-deserved.events\/de\/wp-json\/wp\/v2\/pages"}],"about":[{"href":"https:\/\/well-deserved.events\/de\/wp-json\/wp\/v2\/types\/page"}],"author":[{"embeddable":true,"href":"https:\/\/well-deserved.events\/de\/wp-json\/wp\/v2\/users\/1"}],"replies":[{"embeddable":true,"href":"https:\/\/well-deserved.events\/de\/wp-json\/wp\/v2\/comments?post=232"}],"version-history":[{"count":3,"href":"https:\/\/well-deserved.events\/de\/wp-json\/wp\/v2\/pages\/232\/revisions"}],"predecessor-version":[{"id":2681,"href":"https:\/\/well-deserved.events\/de\/wp-json\/wp\/v2\/pages\/232\/revisions\/2681"}],"wp:attachment":[{"href":"https:\/\/well-deserved.events\/de\/wp-json\/wp\/v2\/media?parent=232"}],"curies":[{"name":"wp","href":"https:\/\/api.w.org\/{rel}","templated":true}]}}