{"id":1933,"date":"2026-03-15T20:14:42","date_gmt":"2026-03-15T19:14:42","guid":{"rendered":"https:\/\/well-deserved.events\/?page_id=1933"},"modified":"2026-04-09T17:15:04","modified_gmt":"2026-04-09T15:15:04","slug":"cookie-policy","status":"publish","type":"page","link":"https:\/\/well-deserved.events\/de\/cookie-richtlinie\/","title":{"rendered":"Cookie-Richtlinie"},"content":{"rendered":"<p>    <\/p>\n<p><strong>WELL DESERVED SPAIN, S.L.<\/strong> informiert \u00fcber die Verwendung von Cookies auf seiner Website: <a href=\"https:\/\/well-deserved.events\/\">https:\/\/well-deserved.events\/<\/a><\/p>\n<h3>Was sind Cookies?<\/h3>\n<p>Cookies sind Dateien, die \u00fcber Webseiten auf Ihr Ger\u00e4t heruntergeladen werden k\u00f6nnen. Sie sind wesentliche Instrumente f\u00fcr die Bereitstellung zahlreicher Dienste der Informationsgesellschaft. Sie erm\u00f6glichen es einer Website unter anderem, Informationen \u00fcber die Surfgewohnheiten eines Nutzers oder seines Ger\u00e4ts zu speichern und abzurufen, und k\u00f6nnen je nach den erhaltenen Informationen dazu verwendet werden, den Nutzer wiederzuerkennen und den angebotenen Service zu verbessern.<\/p>\n<h3>Arten von Cookies<\/h3>\n<p>Je nachdem, welche Einheit die Domain verwaltet, von der die Cookies gesendet werden, und die erhaltenen Daten verarbeitet, lassen sich zwei Arten unterscheiden:<\/p>\n<ul>\n<li><strong>Eigene Cookies (First-Party):<\/strong> Diese werden von einem vom Herausgeber selbst verwalteten Rechner oder einer Domain an das Endger\u00e4t des Nutzers gesendet, von dem aus der vom Nutzer angeforderte Dienst erbracht wird.<\/li>\n<li><strong>Drittanbieter-Cookies (Third-Party):<\/strong> Diese werden von einem Rechner oder einer Domain an das Endger\u00e4t des Nutzers gesendet, die nicht vom Herausgeber verwaltet wird, sondern von einer anderen Einheit, welche die durch die Cookies erhaltenen Daten verarbeitet.<\/li>\n<\/ul>\n<p>Falls die Cookies von einem vom Herausgeber selbst verwalteten Rechner oder einer Domain installiert werden, die gesammelten Informationen jedoch von einem Dritten verwaltet werden, k\u00f6nnen sie nicht als eigene Cookies betrachtet werden.<\/p>\n<p>Es gibt auch eine zweite Klassifizierung nach der Zeitspanne, in der sie im Browser des Kunden gespeichert bleiben:<\/p>\n<ul>\n<li><strong>Sitzungs-Cookies (Session-Cookies):<\/strong> Diese dienen dazu, Daten zu sammeln und zu speichern, w\u00e4hrend der Nutzer auf eine Webseite zugreift. Sie werden in der Regel verwendet, um Informationen zu speichern, deren Aufbewahrung nur f\u00fcr die Erbringung der vom Nutzer angeforderten Dienstleistung bei einer einzigen Gelegenheit von Interesse ist (z. B. eine Liste der erworbenen Produkte).<\/li>\n<li><strong>Persistente Cookies:<\/strong> Die Daten bleiben auf dem Endger\u00e4t gespeichert und k\u00f6nnen \u00fcber einen vom Cookie-Verantwortlichen festgelegten Zeitraum, der von einigen Minuten bis zu mehreren Jahren reichen kann, abgerufen und verarbeitet werden.<\/li>\n<\/ul>\n<p>Schlie\u00dflich gibt es eine weitere Klassifizierung mit sechs Arten von Cookies nach dem Zweck, f\u00fcr den die erhaltenen Daten verarbeitet werden:<\/p>\n<ul>\n<li><strong>Technische Cookies:<\/strong> Diese erm\u00f6glichen dem Nutzer das Surfen auf einer Webseite, Plattform oder Anwendung sowie die Nutzung der verschiedenen dort vorhandenen Optionen oder Dienste, wie z. B. die Steuerung des Datenverkehrs und der Datenkommunikation, die Identifizierung der Sitzung, den Zugriff auf Bereiche mit eingeschr\u00e4nktem Zugriff, die Speicherung der Elemente einer Bestellung, die Durchf\u00fchrung des Kaufvorgangs, die Anmeldung zur Teilnahme an einer Veranstaltung, die Nutzung von Sicherheitselementen beim Surfen, die Speicherung von Inhalten f\u00fcr die Verbreitung von Videos oder Ton oder das Teilen von Inhalten \u00fcber soziale Netzwerke.<\/li>\n<li><strong>Personalisierungs-Cookies:<\/strong> Diese erm\u00f6glichen es dem Nutzer, auf den Dienst mit einigen vordefinierten allgemeinen Merkmalen zuzugreifen, die auf einer Reihe von Kriterien auf dem Endger\u00e4t des Nutzers basieren, wie z. B. Sprache, Art des Browsers, \u00fcber den auf den Dienst zugegriffen wird, regionale Konfiguration usw.<\/li>\n<li><strong>Analyse-Cookies:<\/strong> Diese erm\u00f6glichen es dem Verantwortlichen, das Verhalten der Nutzer der Webseiten, mit denen sie verkn\u00fcpft sind, zu verfolgen und zu analysieren. Die durch diese Art von Cookies gesammelten Informationen werden verwendet, um die Aktivit\u00e4t der Webseiten, Anwendungen oder Plattformen zu messen und um Navigationsprofile der Nutzer dieser Seiten zu erstellen, um Verbesserungen auf der Grundlage der Analyse der Nutzungsdaten einzuf\u00fchren.<\/li>\n<li><strong>Werbe-Cookies:<\/strong> Diese erm\u00f6glichen eine m\u00f6glichst effiziente Verwaltung von Werbefl\u00e4chen.<\/li>\n<li><strong>Verhaltensbezogene Werbe-Cookies:<\/strong> Diese speichern Informationen \u00fcber das Nutzerverhalten, die durch die kontinuierliche Beobachtung ihrer Surfgewohnheiten gewonnen werden, was die Erstellung eines spezifischen Profils erm\u00f6glicht, um darauf basierende Werbung anzuzeigen.<\/li>\n<li><strong>Cookies f\u00fcr externe soziale Netzwerke:<\/strong> Diese werden verwendet, damit Besucher mit den Inhalten verschiedener sozialer Plattformen (Facebook, YouTube, Twitter, LinkedIn usw.) interagieren k\u00f6nnen. Sie werden ausschlie\u00dflich f\u00fcr die Nutzer dieser sozialen Netzwerke generiert. Die Bedingungen f\u00fcr die Nutzung dieser Cookies und die gesammelten Informationen werden durch die Datenschutzrichtlinie der jeweiligen sozialen Plattform geregelt.<\/li>\n<\/ul>\n<h3>Deaktivierung und L\u00f6schung von Cookies<\/h3>\n<p>Sie haben die M\u00f6glichkeit, die auf Ihrem Ger\u00e4t installierten Cookies \u00fcber die Einstellungen Ihres Browsers zuzulassen, zu blockieren oder zu l\u00f6schen. Wenn Sie Cookies deaktivieren, stehen einige der verf\u00fcgbaren Dienste m\u00f6glicherweise nicht mehr zur Verf\u00fcgung. Die Vorgehensweise zur Deaktivierung von Cookies ist je nach Browser unterschiedlich, kann aber in der Regel \u00fcber das Men\u00fc &#8222;Extras&#8220; oder &#8222;Optionen&#8220; vorgenommen werden. Sie k\u00f6nnen auch das Hilfe-Men\u00fc Ihres Browsers konsultieren.<\/p>\n<ul>\n<li><strong>Microsoft Edge:<\/strong> <a href=\"https:\/\/support.microsoft.com\/de-de\/microsoft-edge\/cookies-in-microsoft-edge-l%C3%B6schen-63491105-951d-93c4-0d97-33a397030eda\" target=\"_blank\" rel=\"noopener\">Cookie-Einstellungen<\/a><\/li>\n<li><strong>Mozilla Firefox:<\/strong> <a href=\"https:\/\/support.mozilla.org\/de\/kb\/cookies-informationen-sites-auf-ihrem-computer-speichern\" target=\"_blank\" rel=\"noopener\">Cookie-Einstellungen<\/a><\/li>\n<li><strong>Google Chrome:<\/strong> <a href=\"https:\/\/support.google.com\/accounts\/answer\/61416?hl=de\" target=\"_blank\" rel=\"noopener\">Cookie-Einstellungen<\/a><\/li>\n<li><strong>Safari:<\/strong> <a href=\"https:\/\/support.apple.com\/de-de\/guide\/safari\/sfri11471\/mac\" target=\"_blank\" rel=\"noopener\">Cookie-Einstellungen<\/a><\/li>\n<\/ul>\n<h3>Auf https:\/\/well-deserved.events\/ verwendete Cookies<\/h3>\n<p>Im Folgenden werden die auf diesem Portal verwendeten Cookies sowie deren Typ und Funktion aufgef\u00fchrt:<\/p>\n<div class=\"cookie-list-placeholder\" style=\"border: 1px dashed #ccc; padding: 20px; margin: 20px 0;\">\n<div class=\"cky-audit-table-element\"><\/div>\n<\/p><\/div>\n<p><strong>https:\/\/well-deserved.events\/<\/strong> zeigt bei jeder Anmeldung Informationen \u00fcber seine Cookie-Richtlinie am unteren oder oberen Rand jeder Seite des Portals an.<\/p>\n<p>Angesichts dieser Informationen k\u00f6nnen folgende Ma\u00dfnahmen ergriffen werden:<\/p>\n<ul>\n<li><strong>Cookies akzeptieren:<\/strong> Dieser Hinweis wird beim Zugriff auf eine Seite des Portals w\u00e4hrend der aktuellen Sitzung nicht erneut angezeigt.<\/li>\n<li><strong>Einstellungen \u00e4ndern\/personalisieren:<\/strong> Sie k\u00f6nnen weitere Informationen dar\u00fcber erhalten, was Cookies sind, die Cookie-Richtlinie von <strong>https:\/\/well-deserved.events\/<\/strong> lesen und Ihre Browsereinstellungen anpassen.<\/li>\n<\/ul>\n<p><\/p>","protected":false},"excerpt":{"rendered":"<p>WELL DESERVED SPAIN, S.L. informiert \u00fcber die Verwendung von Cookies auf seiner Website: https:\/\/well-deserved.events\/ Was sind Cookies? Cookies sind Dateien, die \u00fcber Webseiten auf Ihr Ger\u00e4t heruntergeladen werden k\u00f6nnen. Sie sind wesentliche Instrumente f\u00fcr die Bereitstellung zahlreicher Dienste der Informationsgesellschaft. Sie erm\u00f6glichen es einer Website unter anderem, Informationen \u00fcber die Surfgewohnheiten eines Nutzers oder seines [&hellip;]<\/p>\n","protected":false},"author":1,"featured_media":0,"parent":0,"menu_order":1,"comment_status":"closed","ping_status":"closed","template":"","meta":{"_acf_changed":false,"footnotes":""},"class_list":["post-1933","page","type-page","status-publish","hentry"],"acf":[],"_links":{"self":[{"href":"https:\/\/well-deserved.events\/de\/wp-json\/wp\/v2\/pages\/1933","targetHints":{"allow":["GET"]}}],"collection":[{"href":"https:\/\/well-deserved.events\/de\/wp-json\/wp\/v2\/pages"}],"about":[{"href":"https:\/\/well-deserved.events\/de\/wp-json\/wp\/v2\/types\/page"}],"author":[{"embeddable":true,"href":"https:\/\/well-deserved.events\/de\/wp-json\/wp\/v2\/users\/1"}],"replies":[{"embeddable":true,"href":"https:\/\/well-deserved.events\/de\/wp-json\/wp\/v2\/comments?post=1933"}],"version-history":[{"count":8,"href":"https:\/\/well-deserved.events\/de\/wp-json\/wp\/v2\/pages\/1933\/revisions"}],"predecessor-version":[{"id":2679,"href":"https:\/\/well-deserved.events\/de\/wp-json\/wp\/v2\/pages\/1933\/revisions\/2679"}],"wp:attachment":[{"href":"https:\/\/well-deserved.events\/de\/wp-json\/wp\/v2\/media?parent=1933"}],"curies":[{"name":"wp","href":"https:\/\/api.w.org\/{rel}","templated":true}]}}